{"id":774,"date":"2020-02-12T11:16:03","date_gmt":"2020-02-12T10:16:03","guid":{"rendered":"http:\/\/www.bizz-magazin.de\/?page_id=774"},"modified":"2020-02-12T11:54:13","modified_gmt":"2020-02-12T10:54:13","slug":"bizz-auflagestellen","status":"publish","type":"page","link":"https:\/\/www.bizz-magazin.de\/?page_id=774","title":{"rendered":"BIZZ! Auflagestellen"},"content":{"rendered":"<p>[et_pb_section fb_built=&#8220;1&#8243; _builder_version=&#8220;4.2.1&#8243;][et_pb_row _builder_version=&#8220;4.2.1&#8243;][et_pb_column type=&#8220;4_4&#8243; _builder_version=&#8220;4.2.1&#8243;][et_pb_image alt=&#8220;\u00a9 Fotos: LEIF 2020&#8243; show_in_lightbox=&#8220;on&#8220; _builder_version=&#8220;4.3.2&#8243; hover_enabled=&#8220;0&#8243; src=&#8220;http:\/\/www.bizz-magazin.de\/wp-content\/uploads\/2020\/02\/BiZZ-AuflagePic.jpg&#8220;][\/et_pb_image][\/et_pb_column][\/et_pb_row][et_pb_row _builder_version=&#8220;4.2.1&#8243;][et_pb_column type=&#8220;4_4&#8243; _builder_version=&#8220;4.2.1&#8243;][et_pb_text _builder_version=&#8220;4.3.2&#8243; text_orientation=&#8220;justified&#8220;]<\/p>\n<blockquote>\n<p>Das BIZZ! Magazin erhalten Sie zus\u00e4tzlich an \u00fcber 650 Auflagestellen in den Landkreisen Berchtesgadener Land &#8211; Traunstein &#8211; Rosenheim &#8211; Alt\u00f6tting &#8211; M\u00fchldorf.<\/p>\n<\/blockquote>\n<p>Hier ein kleiner Auszug:<\/p>\n<p>Alt\u00f6tting: Rathaus \/ Bad Endorf: Rathaus \/ Bad Reichenhall: Rathaus \/ Berchtesgaden: Tourist Info \/ Burghausen: B\u00fcrgerhaus \/ Freilassing: Rathaus \/ Laufen: Rathaus \/ M\u00fchldorf: Kulturb\u00fcro \/ Neu\u00f6tting: Rathaus \/ Prien: Tourist Information \/ Rosenheim: St\u00e4dtische Galerie \/ Seebruck: Tourist Information \/ Traunreut: k1 \/ Traunstein: Tourist Information \/ Trostberg: Rathaus \/ Waldkraiburg: Haus der Kultur<\/p>\n<p>[\/et_pb_text][\/et_pb_column][\/et_pb_row][\/et_pb_section]<\/p>\n","protected":false},"excerpt":{"rendered":"<p>Das BIZZ! Magazin erhalten Sie zus\u00e4tzlich an \u00fcber 650 Auflagestellen in den Landkreisen Berchtesgadener Land &#8211; Traunstein &#8211; Rosenheim &#8211; Alt\u00f6tting &#8211; M\u00fchldorf. Hier ein kleiner Auszug: Alt\u00f6tting: Rathaus \/ Bad Endorf: Rathaus \/ Bad Reichenhall: Rathaus \/ Berchtesgaden: Tourist Info \/ Burghausen: B\u00fcrgerhaus \/ Freilassing: Rathaus \/ Laufen: Rathaus \/ M\u00fchldorf: Kulturb\u00fcro \/ Neu\u00f6tting: [&hellip;]<\/p>\n","protected":false},"author":1,"featured_media":0,"parent":0,"menu_order":0,"comment_status":"closed","ping_status":"closed","template":"","meta":{"_et_pb_use_builder":"on","_et_pb_old_content":"","_et_gb_content_width":"","footnotes":""},"class_list":["post-774","page","type-page","status-publish","hentry"],"yoast_head":"<!-- This site is optimized with the Yoast SEO plugin v27.5 - https:\/\/yoast.com\/product\/yoast-seo-wordpress\/ -->\n<title>BIZZ! Auflagestellen - BIZZ Magazin<\/title>\n<meta name=\"robots\" content=\"index, follow, max-snippet:-1, max-image-preview:large, max-video-preview:-1\" \/>\n<link rel=\"canonical\" href=\"https:\/\/www.bizz-magazin.de\/?page_id=774\" \/>\n<meta property=\"og:locale\" content=\"de_DE\" \/>\n<meta property=\"og:type\" content=\"article\" \/>\n<meta property=\"og:title\" content=\"BIZZ! Auflagestellen - BIZZ Magazin\" \/>\n<meta property=\"og:description\" content=\"Das BIZZ! Magazin erhalten Sie zus\u00e4tzlich an \u00fcber 650 Auflagestellen in den Landkreisen Berchtesgadener Land - Traunstein - Rosenheim - Alt\u00f6tting - M\u00fchldorf. Hier ein kleiner Auszug: Alt\u00f6tting: Rathaus \/ Bad Endorf: Rathaus \/ Bad Reichenhall: Rathaus \/ Berchtesgaden: Tourist Info \/ Burghausen: B\u00fcrgerhaus \/ Freilassing: Rathaus \/ Laufen: Rathaus \/ M\u00fchldorf: Kulturb\u00fcro \/ Neu\u00f6tting: [&hellip;]\" \/>\n<meta property=\"og:url\" content=\"https:\/\/www.bizz-magazin.de\/?page_id=774\" \/>\n<meta property=\"og:site_name\" content=\"BIZZ Magazin\" \/>\n<meta property=\"article:publisher\" content=\"https:\/\/www.facebook.com\/bizzmagazin\" \/>\n<meta property=\"article:modified_time\" content=\"2020-02-12T10:54:13+00:00\" \/>\n<meta name=\"twitter:card\" content=\"summary_large_image\" \/>\n<meta name=\"twitter:label1\" content=\"Gesch\u00e4tzte Lesezeit\" \/>\n\t<meta name=\"twitter:data1\" content=\"1\u00a0Minute\" \/>\n<script type=\"application\/ld+json\" class=\"yoast-schema-graph\">{\"@context\":\"https:\\\/\\\/schema.org\",\"@graph\":[{\"@type\":\"WebPage\",\"@id\":\"https:\\\/\\\/www.bizz-magazin.de\\\/?page_id=774\",\"url\":\"https:\\\/\\\/www.bizz-magazin.de\\\/?page_id=774\",\"name\":\"BIZZ! Auflagestellen - BIZZ Magazin\",\"isPartOf\":{\"@id\":\"https:\\\/\\\/www.bizz-magazin.de\\\/#website\"},\"datePublished\":\"2020-02-12T10:16:03+00:00\",\"dateModified\":\"2020-02-12T10:54:13+00:00\",\"breadcrumb\":{\"@id\":\"https:\\\/\\\/www.bizz-magazin.de\\\/?page_id=774#breadcrumb\"},\"inLanguage\":\"de\",\"potentialAction\":[{\"@type\":\"ReadAction\",\"target\":[\"https:\\\/\\\/www.bizz-magazin.de\\\/?page_id=774\"]}]},{\"@type\":\"BreadcrumbList\",\"@id\":\"https:\\\/\\\/www.bizz-magazin.de\\\/?page_id=774#breadcrumb\",\"itemListElement\":[{\"@type\":\"ListItem\",\"position\":1,\"name\":\"Startseite\",\"item\":\"https:\\\/\\\/www.bizz-magazin.de\\\/\"},{\"@type\":\"ListItem\",\"position\":2,\"name\":\"BIZZ! Auflagestellen\"}]},{\"@type\":\"WebSite\",\"@id\":\"https:\\\/\\\/www.bizz-magazin.de\\\/#website\",\"url\":\"https:\\\/\\\/www.bizz-magazin.de\\\/\",\"name\":\"BIZZ Magazin\",\"description\":\"Das Familien.Erlebnis.Magazin\",\"publisher\":{\"@id\":\"https:\\\/\\\/www.bizz-magazin.de\\\/#organization\"},\"potentialAction\":[{\"@type\":\"SearchAction\",\"target\":{\"@type\":\"EntryPoint\",\"urlTemplate\":\"https:\\\/\\\/www.bizz-magazin.de\\\/?s={search_term_string}\"},\"query-input\":{\"@type\":\"PropertyValueSpecification\",\"valueRequired\":true,\"valueName\":\"search_term_string\"}}],\"inLanguage\":\"de\"},{\"@type\":\"Organization\",\"@id\":\"https:\\\/\\\/www.bizz-magazin.de\\\/#organization\",\"name\":\"BIZZ Magazin\",\"url\":\"https:\\\/\\\/www.bizz-magazin.de\\\/\",\"logo\":{\"@type\":\"ImageObject\",\"inLanguage\":\"de\",\"@id\":\"https:\\\/\\\/www.bizz-magazin.de\\\/#\\\/schema\\\/logo\\\/image\\\/\",\"url\":\"https:\\\/\\\/www.bizz-magazin.de\\\/wp-content\\\/uploads\\\/2020\\\/01\\\/BIZZ-Logo-2020_rot_15K.png\",\"contentUrl\":\"https:\\\/\\\/www.bizz-magazin.de\\\/wp-content\\\/uploads\\\/2020\\\/01\\\/BIZZ-Logo-2020_rot_15K.png\",\"width\":1986,\"height\":609,\"caption\":\"BIZZ Magazin\"},\"image\":{\"@id\":\"https:\\\/\\\/www.bizz-magazin.de\\\/#\\\/schema\\\/logo\\\/image\\\/\"},\"sameAs\":[\"https:\\\/\\\/www.facebook.com\\\/bizzmagazin\",\"https:\\\/\\\/www.instagram.com\\\/bizzmagazin\\\/\"]}]}<\/script>\n<!-- \/ Yoast SEO plugin. -->","yoast_head_json":{"title":"BIZZ! Auflagestellen - BIZZ Magazin","robots":{"index":"index","follow":"follow","max-snippet":"max-snippet:-1","max-image-preview":"max-image-preview:large","max-video-preview":"max-video-preview:-1"},"canonical":"https:\/\/www.bizz-magazin.de\/?page_id=774","og_locale":"de_DE","og_type":"article","og_title":"BIZZ! Auflagestellen - BIZZ Magazin","og_description":"Das BIZZ! Magazin erhalten Sie zus\u00e4tzlich an \u00fcber 650 Auflagestellen in den Landkreisen Berchtesgadener Land - Traunstein - Rosenheim - Alt\u00f6tting - M\u00fchldorf. Hier ein kleiner Auszug: Alt\u00f6tting: Rathaus \/ Bad Endorf: Rathaus \/ Bad Reichenhall: Rathaus \/ Berchtesgaden: Tourist Info \/ Burghausen: B\u00fcrgerhaus \/ Freilassing: Rathaus \/ Laufen: Rathaus \/ M\u00fchldorf: Kulturb\u00fcro \/ Neu\u00f6tting: [&hellip;]","og_url":"https:\/\/www.bizz-magazin.de\/?page_id=774","og_site_name":"BIZZ Magazin","article_publisher":"https:\/\/www.facebook.com\/bizzmagazin","article_modified_time":"2020-02-12T10:54:13+00:00","twitter_card":"summary_large_image","twitter_misc":{"Gesch\u00e4tzte Lesezeit":"1\u00a0Minute"},"schema":{"@context":"https:\/\/schema.org","@graph":[{"@type":"WebPage","@id":"https:\/\/www.bizz-magazin.de\/?page_id=774","url":"https:\/\/www.bizz-magazin.de\/?page_id=774","name":"BIZZ! Auflagestellen - BIZZ Magazin","isPartOf":{"@id":"https:\/\/www.bizz-magazin.de\/#website"},"datePublished":"2020-02-12T10:16:03+00:00","dateModified":"2020-02-12T10:54:13+00:00","breadcrumb":{"@id":"https:\/\/www.bizz-magazin.de\/?page_id=774#breadcrumb"},"inLanguage":"de","potentialAction":[{"@type":"ReadAction","target":["https:\/\/www.bizz-magazin.de\/?page_id=774"]}]},{"@type":"BreadcrumbList","@id":"https:\/\/www.bizz-magazin.de\/?page_id=774#breadcrumb","itemListElement":[{"@type":"ListItem","position":1,"name":"Startseite","item":"https:\/\/www.bizz-magazin.de\/"},{"@type":"ListItem","position":2,"name":"BIZZ! Auflagestellen"}]},{"@type":"WebSite","@id":"https:\/\/www.bizz-magazin.de\/#website","url":"https:\/\/www.bizz-magazin.de\/","name":"BIZZ Magazin","description":"Das Familien.Erlebnis.Magazin","publisher":{"@id":"https:\/\/www.bizz-magazin.de\/#organization"},"potentialAction":[{"@type":"SearchAction","target":{"@type":"EntryPoint","urlTemplate":"https:\/\/www.bizz-magazin.de\/?s={search_term_string}"},"query-input":{"@type":"PropertyValueSpecification","valueRequired":true,"valueName":"search_term_string"}}],"inLanguage":"de"},{"@type":"Organization","@id":"https:\/\/www.bizz-magazin.de\/#organization","name":"BIZZ Magazin","url":"https:\/\/www.bizz-magazin.de\/","logo":{"@type":"ImageObject","inLanguage":"de","@id":"https:\/\/www.bizz-magazin.de\/#\/schema\/logo\/image\/","url":"https:\/\/www.bizz-magazin.de\/wp-content\/uploads\/2020\/01\/BIZZ-Logo-2020_rot_15K.png","contentUrl":"https:\/\/www.bizz-magazin.de\/wp-content\/uploads\/2020\/01\/BIZZ-Logo-2020_rot_15K.png","width":1986,"height":609,"caption":"BIZZ Magazin"},"image":{"@id":"https:\/\/www.bizz-magazin.de\/#\/schema\/logo\/image\/"},"sameAs":["https:\/\/www.facebook.com\/bizzmagazin","https:\/\/www.instagram.com\/bizzmagazin\/"]}]}},"_links":{"self":[{"href":"https:\/\/www.bizz-magazin.de\/index.php?rest_route=\/wp\/v2\/pages\/774","targetHints":{"allow":["GET"]}}],"collection":[{"href":"https:\/\/www.bizz-magazin.de\/index.php?rest_route=\/wp\/v2\/pages"}],"about":[{"href":"https:\/\/www.bizz-magazin.de\/index.php?rest_route=\/wp\/v2\/types\/page"}],"author":[{"embeddable":true,"href":"https:\/\/www.bizz-magazin.de\/index.php?rest_route=\/wp\/v2\/users\/1"}],"replies":[{"embeddable":true,"href":"https:\/\/www.bizz-magazin.de\/index.php?rest_route=%2Fwp%2Fv2%2Fcomments&post=774"}],"version-history":[{"count":12,"href":"https:\/\/www.bizz-magazin.de\/index.php?rest_route=\/wp\/v2\/pages\/774\/revisions"}],"predecessor-version":[{"id":794,"href":"https:\/\/www.bizz-magazin.de\/index.php?rest_route=\/wp\/v2\/pages\/774\/revisions\/794"}],"wp:attachment":[{"href":"https:\/\/www.bizz-magazin.de\/index.php?rest_route=%2Fwp%2Fv2%2Fmedia&parent=774"}],"curies":[{"name":"wp","href":"https:\/\/api.w.org\/{rel}","templated":true}]}}