{"id":741,"date":"2020-02-12T10:05:43","date_gmt":"2020-02-12T09:05:43","guid":{"rendered":"http:\/\/www.bizz-magazin.de\/?page_id=741"},"modified":"2022-12-01T15:04:22","modified_gmt":"2022-12-01T14:04:22","slug":"bizz-magazin-abonnieren","status":"publish","type":"page","link":"https:\/\/www.bizz-magazin.de\/?page_id=741","title":{"rendered":"BIZZ! Magazin abonnieren"},"content":{"rendered":"<p>[et_pb_section fb_built=&#8220;1&#8243; _builder_version=&#8220;4.2.1&#8243;][et_pb_row _builder_version=&#8220;4.2.1&#8243;][et_pb_column type=&#8220;4_4&#8243; _builder_version=&#8220;4.2.1&#8243;][et_pb_image src=&#8220;http:\/\/www.bizz-magazin.de\/wp-content\/uploads\/2020\/02\/abo2_online.jpg&#8220; align=&#8220;center&#8220; _builder_version=&#8220;4.3.2&#8243; box_shadow_style=&#8220;preset2&#8243;][\/et_pb_image][et_pb_text _builder_version=&#8220;4.4.1&#8243; hover_enabled=&#8220;0&#8243;]<\/p>\n<p>&nbsp;<\/p>\n<h2 style=\"text-align: center;\">\u200bVerpassen Sie keine Ausgabe des<\/h2>\n<h2 style=\"text-align: center;\">Familien. Erlebnis.Magazins BIZZ!<\/h2>\n<p>[\/et_pb_text][et_pb_text _builder_version=&#8220;4.3.2&#8243; text_orientation=&#8220;justified&#8220;]<\/p>\n<p>Lassen Sie sich an au\u00dfergew\u00f6hnliche Lieblingsorte entf\u00fchren, entdecken Sie mit uns die sch\u00f6nsten Seiten der Region, lassen Sie sich von besonderen Erlebnissen verzaubern und profitieren Sie von aktuellen Angeboten f\u00fcr die ganze Familie! Die Anleitung dazu in Form des Familien.Erlebnis.Magazins BIZZ! senden wir Ihnen bequem frei Haus, Sie zahlen lediglich die Versandkosten.<\/p>\n<p>&nbsp;<\/p>\n<p>[\/et_pb_text][et_pb_text admin_label=&#8220;Info Box&#8220; _builder_version=&#8220;4.4.1&#8243; text_text_color=&#8220;#6d6d6d&#8220; background_color=&#8220;#d3d3d3&#8243; custom_padding=&#8220;20px|20px|20px|20px|false|false&#8220; hover_enabled=&#8220;0&#8243;]<\/p>\n<p><strong>Jetzt bestellen per Email: <a href=\"mailto:abo@bizz-magazin.de\" target=\"_blank\" rel=\"noopener noreferrer\">abo@bizz-magazin.de<\/a> oder <\/strong><strong>telefonisch unter +49 (0)8621 50 98 51<\/strong><\/p>\n<blockquote>\n<p><strong>&gt;&gt; nur 10 Euro\/ Jahr inkl. Mwst. und Versand nur innerhalb Deutschlands <\/strong><\/p>\n<p><strong>&gt;&gt; nur 16,- Euro\/ Jahr inkl. Mwst. und Versand nach \u00d6sterreich<br \/><\/strong><\/p>\n<\/blockquote>\n<p>Bitte beachten Sie den Mindestbezugszeitraum von 1 Jahr bzw. vier Ausgaben. Der erstmalige Versand erfolgt nach Eingang der Zahlung und Erscheinung der n\u00e4chstfolgenden Ausgabe. Nach Ablauf des Mindestbezugszeitraums von einem Jahr (4 Ausgaben), ist das Abonnement jederzeit mit einer Frist von 4 Wochen schriftlich k\u00fcndbar.<\/p>\n<p>[\/et_pb_text][\/et_pb_column][\/et_pb_row][\/et_pb_section]<\/p>\n","protected":false},"excerpt":{"rendered":"<p>&nbsp; \u200bVerpassen Sie keine Ausgabe des Familien. Erlebnis.Magazins BIZZ! Lassen Sie sich an au\u00dfergew\u00f6hnliche Lieblingsorte entf\u00fchren, entdecken Sie mit uns die sch\u00f6nsten Seiten der Region, lassen Sie sich von besonderen Erlebnissen verzaubern und profitieren Sie von aktuellen Angeboten f\u00fcr die ganze Familie! Die Anleitung dazu in Form des Familien.Erlebnis.Magazins BIZZ! senden wir Ihnen bequem frei [&hellip;]<\/p>\n","protected":false},"author":1,"featured_media":0,"parent":0,"menu_order":0,"comment_status":"closed","ping_status":"closed","template":"","meta":{"_et_pb_use_builder":"on","_et_pb_old_content":"","_et_gb_content_width":"","footnotes":""},"class_list":["post-741","page","type-page","status-publish","hentry"],"yoast_head":"<!-- This site is optimized with the Yoast SEO plugin v27.3 - https:\/\/yoast.com\/product\/yoast-seo-wordpress\/ -->\n<title>BIZZ! Magazin abonnieren - BIZZ Magazin<\/title>\n<meta name=\"robots\" content=\"index, follow, max-snippet:-1, max-image-preview:large, max-video-preview:-1\" \/>\n<link rel=\"canonical\" href=\"https:\/\/www.bizz-magazin.de\/?page_id=741\" \/>\n<meta property=\"og:locale\" content=\"de_DE\" \/>\n<meta property=\"og:type\" content=\"article\" \/>\n<meta property=\"og:title\" content=\"BIZZ! Magazin abonnieren - BIZZ Magazin\" \/>\n<meta property=\"og:description\" content=\"&nbsp; \u200bVerpassen Sie keine Ausgabe des Familien. Erlebnis.Magazins BIZZ! Lassen Sie sich an au\u00dfergew\u00f6hnliche Lieblingsorte entf\u00fchren, entdecken Sie mit uns die sch\u00f6nsten Seiten der Region, lassen Sie sich von besonderen Erlebnissen verzaubern und profitieren Sie von aktuellen Angeboten f\u00fcr die ganze Familie! Die Anleitung dazu in Form des Familien.Erlebnis.Magazins BIZZ! senden wir Ihnen bequem frei [&hellip;]\" \/>\n<meta property=\"og:url\" content=\"https:\/\/www.bizz-magazin.de\/?page_id=741\" \/>\n<meta property=\"og:site_name\" content=\"BIZZ Magazin\" \/>\n<meta property=\"article:publisher\" content=\"https:\/\/www.facebook.com\/bizzmagazin\" \/>\n<meta property=\"article:modified_time\" content=\"2022-12-01T14:04:22+00:00\" \/>\n<meta name=\"twitter:card\" content=\"summary_large_image\" \/>\n<meta name=\"twitter:label1\" content=\"Gesch\u00e4tzte Lesezeit\" \/>\n\t<meta name=\"twitter:data1\" content=\"1\u00a0Minute\" \/>\n<script type=\"application\/ld+json\" class=\"yoast-schema-graph\">{\"@context\":\"https:\\\/\\\/schema.org\",\"@graph\":[{\"@type\":\"WebPage\",\"@id\":\"https:\\\/\\\/www.bizz-magazin.de\\\/?page_id=741\",\"url\":\"https:\\\/\\\/www.bizz-magazin.de\\\/?page_id=741\",\"name\":\"BIZZ! Magazin abonnieren - BIZZ Magazin\",\"isPartOf\":{\"@id\":\"https:\\\/\\\/www.bizz-magazin.de\\\/#website\"},\"datePublished\":\"2020-02-12T09:05:43+00:00\",\"dateModified\":\"2022-12-01T14:04:22+00:00\",\"breadcrumb\":{\"@id\":\"https:\\\/\\\/www.bizz-magazin.de\\\/?page_id=741#breadcrumb\"},\"inLanguage\":\"de\",\"potentialAction\":[{\"@type\":\"ReadAction\",\"target\":[\"https:\\\/\\\/www.bizz-magazin.de\\\/?page_id=741\"]}]},{\"@type\":\"BreadcrumbList\",\"@id\":\"https:\\\/\\\/www.bizz-magazin.de\\\/?page_id=741#breadcrumb\",\"itemListElement\":[{\"@type\":\"ListItem\",\"position\":1,\"name\":\"Startseite\",\"item\":\"https:\\\/\\\/www.bizz-magazin.de\\\/\"},{\"@type\":\"ListItem\",\"position\":2,\"name\":\"BIZZ! Magazin abonnieren\"}]},{\"@type\":\"WebSite\",\"@id\":\"https:\\\/\\\/www.bizz-magazin.de\\\/#website\",\"url\":\"https:\\\/\\\/www.bizz-magazin.de\\\/\",\"name\":\"BIZZ Magazin\",\"description\":\"Das Familien.Erlebnis.Magazin\",\"publisher\":{\"@id\":\"https:\\\/\\\/www.bizz-magazin.de\\\/#organization\"},\"potentialAction\":[{\"@type\":\"SearchAction\",\"target\":{\"@type\":\"EntryPoint\",\"urlTemplate\":\"https:\\\/\\\/www.bizz-magazin.de\\\/?s={search_term_string}\"},\"query-input\":{\"@type\":\"PropertyValueSpecification\",\"valueRequired\":true,\"valueName\":\"search_term_string\"}}],\"inLanguage\":\"de\"},{\"@type\":\"Organization\",\"@id\":\"https:\\\/\\\/www.bizz-magazin.de\\\/#organization\",\"name\":\"BIZZ Magazin\",\"url\":\"https:\\\/\\\/www.bizz-magazin.de\\\/\",\"logo\":{\"@type\":\"ImageObject\",\"inLanguage\":\"de\",\"@id\":\"https:\\\/\\\/www.bizz-magazin.de\\\/#\\\/schema\\\/logo\\\/image\\\/\",\"url\":\"https:\\\/\\\/www.bizz-magazin.de\\\/wp-content\\\/uploads\\\/2020\\\/01\\\/BIZZ-Logo-2020_rot_15K.png\",\"contentUrl\":\"https:\\\/\\\/www.bizz-magazin.de\\\/wp-content\\\/uploads\\\/2020\\\/01\\\/BIZZ-Logo-2020_rot_15K.png\",\"width\":1986,\"height\":609,\"caption\":\"BIZZ Magazin\"},\"image\":{\"@id\":\"https:\\\/\\\/www.bizz-magazin.de\\\/#\\\/schema\\\/logo\\\/image\\\/\"},\"sameAs\":[\"https:\\\/\\\/www.facebook.com\\\/bizzmagazin\",\"https:\\\/\\\/www.instagram.com\\\/bizzmagazin\\\/\"]}]}<\/script>\n<!-- \/ Yoast SEO plugin. -->","yoast_head_json":{"title":"BIZZ! Magazin abonnieren - BIZZ Magazin","robots":{"index":"index","follow":"follow","max-snippet":"max-snippet:-1","max-image-preview":"max-image-preview:large","max-video-preview":"max-video-preview:-1"},"canonical":"https:\/\/www.bizz-magazin.de\/?page_id=741","og_locale":"de_DE","og_type":"article","og_title":"BIZZ! Magazin abonnieren - BIZZ Magazin","og_description":"&nbsp; \u200bVerpassen Sie keine Ausgabe des Familien. Erlebnis.Magazins BIZZ! Lassen Sie sich an au\u00dfergew\u00f6hnliche Lieblingsorte entf\u00fchren, entdecken Sie mit uns die sch\u00f6nsten Seiten der Region, lassen Sie sich von besonderen Erlebnissen verzaubern und profitieren Sie von aktuellen Angeboten f\u00fcr die ganze Familie! Die Anleitung dazu in Form des Familien.Erlebnis.Magazins BIZZ! senden wir Ihnen bequem frei [&hellip;]","og_url":"https:\/\/www.bizz-magazin.de\/?page_id=741","og_site_name":"BIZZ Magazin","article_publisher":"https:\/\/www.facebook.com\/bizzmagazin","article_modified_time":"2022-12-01T14:04:22+00:00","twitter_card":"summary_large_image","twitter_misc":{"Gesch\u00e4tzte Lesezeit":"1\u00a0Minute"},"schema":{"@context":"https:\/\/schema.org","@graph":[{"@type":"WebPage","@id":"https:\/\/www.bizz-magazin.de\/?page_id=741","url":"https:\/\/www.bizz-magazin.de\/?page_id=741","name":"BIZZ! Magazin abonnieren - BIZZ Magazin","isPartOf":{"@id":"https:\/\/www.bizz-magazin.de\/#website"},"datePublished":"2020-02-12T09:05:43+00:00","dateModified":"2022-12-01T14:04:22+00:00","breadcrumb":{"@id":"https:\/\/www.bizz-magazin.de\/?page_id=741#breadcrumb"},"inLanguage":"de","potentialAction":[{"@type":"ReadAction","target":["https:\/\/www.bizz-magazin.de\/?page_id=741"]}]},{"@type":"BreadcrumbList","@id":"https:\/\/www.bizz-magazin.de\/?page_id=741#breadcrumb","itemListElement":[{"@type":"ListItem","position":1,"name":"Startseite","item":"https:\/\/www.bizz-magazin.de\/"},{"@type":"ListItem","position":2,"name":"BIZZ! Magazin abonnieren"}]},{"@type":"WebSite","@id":"https:\/\/www.bizz-magazin.de\/#website","url":"https:\/\/www.bizz-magazin.de\/","name":"BIZZ Magazin","description":"Das Familien.Erlebnis.Magazin","publisher":{"@id":"https:\/\/www.bizz-magazin.de\/#organization"},"potentialAction":[{"@type":"SearchAction","target":{"@type":"EntryPoint","urlTemplate":"https:\/\/www.bizz-magazin.de\/?s={search_term_string}"},"query-input":{"@type":"PropertyValueSpecification","valueRequired":true,"valueName":"search_term_string"}}],"inLanguage":"de"},{"@type":"Organization","@id":"https:\/\/www.bizz-magazin.de\/#organization","name":"BIZZ Magazin","url":"https:\/\/www.bizz-magazin.de\/","logo":{"@type":"ImageObject","inLanguage":"de","@id":"https:\/\/www.bizz-magazin.de\/#\/schema\/logo\/image\/","url":"https:\/\/www.bizz-magazin.de\/wp-content\/uploads\/2020\/01\/BIZZ-Logo-2020_rot_15K.png","contentUrl":"https:\/\/www.bizz-magazin.de\/wp-content\/uploads\/2020\/01\/BIZZ-Logo-2020_rot_15K.png","width":1986,"height":609,"caption":"BIZZ Magazin"},"image":{"@id":"https:\/\/www.bizz-magazin.de\/#\/schema\/logo\/image\/"},"sameAs":["https:\/\/www.facebook.com\/bizzmagazin","https:\/\/www.instagram.com\/bizzmagazin\/"]}]}},"_links":{"self":[{"href":"https:\/\/www.bizz-magazin.de\/index.php?rest_route=\/wp\/v2\/pages\/741","targetHints":{"allow":["GET"]}}],"collection":[{"href":"https:\/\/www.bizz-magazin.de\/index.php?rest_route=\/wp\/v2\/pages"}],"about":[{"href":"https:\/\/www.bizz-magazin.de\/index.php?rest_route=\/wp\/v2\/types\/page"}],"author":[{"embeddable":true,"href":"https:\/\/www.bizz-magazin.de\/index.php?rest_route=\/wp\/v2\/users\/1"}],"replies":[{"embeddable":true,"href":"https:\/\/www.bizz-magazin.de\/index.php?rest_route=%2Fwp%2Fv2%2Fcomments&post=741"}],"version-history":[{"count":17,"href":"https:\/\/www.bizz-magazin.de\/index.php?rest_route=\/wp\/v2\/pages\/741\/revisions"}],"predecessor-version":[{"id":1098,"href":"https:\/\/www.bizz-magazin.de\/index.php?rest_route=\/wp\/v2\/pages\/741\/revisions\/1098"}],"wp:attachment":[{"href":"https:\/\/www.bizz-magazin.de\/index.php?rest_route=%2Fwp%2Fv2%2Fmedia&parent=741"}],"curies":[{"name":"wp","href":"https:\/\/api.w.org\/{rel}","templated":true}]}}