{"id":647,"date":"2020-02-11T12:26:24","date_gmt":"2020-02-11T11:26:24","guid":{"rendered":"http:\/\/www.bizz-magazin.de\/?page_id=647"},"modified":"2022-06-01T12:38:43","modified_gmt":"2022-06-01T10:38:43","slug":"mediadaten","status":"publish","type":"page","link":"https:\/\/www.bizz-magazin.de\/?page_id=647","title":{"rendered":"Mediadaten"},"content":{"rendered":"<p>[et_pb_section bb_built=&#8220;1&#8243; _builder_version=&#8220;4.3.2&#8243; global_colors_info=&#8220;{}&#8220;][et_pb_row _builder_version=&#8220;4.3.2&#8243; global_colors_info=&#8220;{}&#8220;][et_pb_column type=&#8220;4_4&#8243; _builder_version=&#8220;4.3.2&#8243; global_colors_info=&#8220;{}&#8220;][et_pb_text _builder_version=&#8220;4.14.2&#8243; text_orientation=&#8220;justified&#8220; global_colors_info=&#8220;{}&#8220;]<\/p>\n<h4>\u00a0<\/h4>\n<h4 style=\"text-align: center;\"><strong>Willkommen beim BiZZ! Magazin, dem kostenfreien Familien.Erlebnis.Magazin <\/strong><\/h4>\n<h4 style=\"text-align: center;\"><strong>f\u00fcr S\u00fcd-Ost-Bayern &amp; Salzburger Land.<\/strong><\/h4>\n<p>&nbsp;<\/p>\n<p>Das modern gestaltete, inhaltlich abwechslungsreiche und lesenswerte Medium pr\u00e4sentiert Lieblingspl\u00e4tze zum Erholen und Entdecken, gibt umfangreiche Tipps f\u00fcr eine aktive, aufregende und altersgerechte Freizeitgestaltung und Veranstaltungshighlights f\u00fcr die ganze Familie. Erg\u00e4nzt wird der Inhalt von Beitr\u00e4gen zu digitalen Medienwelt, Apps, B\u00fcchern, Kino, Genuss und mehr! So sind BiZZ! und ihre gesch\u00e4tzten Kunden mit jeder Ausgabe am Puls der Zeit!<\/p>\n<p style=\"text-align: center;\"><strong>Das BiZZ! Magazin, seit 17 Jahren erfolgreich in der bayerischen Medienlandschaft, stellt die Familie in den Fokus.<\/strong><\/p>\n<p>Gemeinsame Qualit\u00e4tszeit mit der Familie nimmt einen bedeutenden Stellenwert ein. Auch Work-Life-Balance ist zeitgem\u00e4\u00df: weg vom Hamsterrad der Karriere hin zum Genuss und zur Entspannung. Und so bl\u00e4ttern sich unsere Leser durch die aufregenden Seiten der Region mit Blick auf Abenteuer im Panoramaformat.<\/p>\n<p>Mit BiZZ! werden Sie in Zeiten der Digitalisierung bewusst und bedeutend langfristiger wahrgenommen. Somit erreicht die Werbebotschaft Ihres Unternehmens gezielt den interessierten und aufgeschlossenen Endkunden zum Bestpreis.<\/p>\n<p>[\/et_pb_text][et_pb_text _builder_version=&#8220;4.3.2&#8243; global_colors_info=&#8220;{}&#8220;]<\/p>\n<h2>\u00a0<\/h2>\n<h2 style=\"text-align: center;\">+++ 4 Ausgaben im Jahr +++<br \/>fr\u00fchjahr &#8211; sommer &#8211; herbst &#8211; winter<\/h2>\n<p>[\/et_pb_text][et_pb_gallery gallery_ids=&#8220;2629,2630,2631,2632,2633,2634&#8243; fullwidth=&#8220;on&#8220; _builder_version=&#8220;4.17.4&#8243; auto=&#8220;on&#8220; auto_speed=&#8220;3000&#8243; box_shadow_style=&#8220;preset2&#8243; global_colors_info=&#8220;{}&#8220; background_pattern_color=&#8220;rgba(0,0,0,0.2)&#8220; background_mask_color=&#8220;#ffffff&#8220; hover_overlay_color=&#8220;rgba(255,255,255,0.9)&#8220; box_shadow_horizontal_image_tablet=&#8220;0px&#8220; box_shadow_vertical_image_tablet=&#8220;0px&#8220; box_shadow_blur_image_tablet=&#8220;40px&#8220; box_shadow_spread_image_tablet=&#8220;0px&#8220; text_shadow_horizontal_length=&#8220;text_shadow_style,%91object Object%93&#8243; text_shadow_horizontal_length_tablet=&#8220;0px&#8220; text_shadow_vertical_length=&#8220;text_shadow_style,%91object Object%93&#8243; text_shadow_vertical_length_tablet=&#8220;0px&#8220; text_shadow_blur_strength=&#8220;text_shadow_style,%91object Object%93&#8243; text_shadow_blur_strength_tablet=&#8220;1px&#8220; title_text_shadow_horizontal_length=&#8220;title_text_shadow_style,%91object Object%93&#8243; title_text_shadow_horizontal_length_tablet=&#8220;0px&#8220; title_text_shadow_vertical_length=&#8220;title_text_shadow_style,%91object Object%93&#8243; title_text_shadow_vertical_length_tablet=&#8220;0px&#8220; title_text_shadow_blur_strength=&#8220;title_text_shadow_style,%91object Object%93&#8243; title_text_shadow_blur_strength_tablet=&#8220;1px&#8220; caption_text_shadow_horizontal_length=&#8220;caption_text_shadow_style,%91object Object%93&#8243; caption_text_shadow_horizontal_length_tablet=&#8220;0px&#8220; caption_text_shadow_vertical_length=&#8220;caption_text_shadow_style,%91object Object%93&#8243; caption_text_shadow_vertical_length_tablet=&#8220;0px&#8220; caption_text_shadow_blur_strength=&#8220;caption_text_shadow_style,%91object Object%93&#8243; caption_text_shadow_blur_strength_tablet=&#8220;1px&#8220; pagination_text_shadow_horizontal_length=&#8220;pagination_text_shadow_style,%91object Object%93&#8243; pagination_text_shadow_horizontal_length_tablet=&#8220;0px&#8220; pagination_text_shadow_vertical_length=&#8220;pagination_text_shadow_style,%91object Object%93&#8243; pagination_text_shadow_vertical_length_tablet=&#8220;0px&#8220; pagination_text_shadow_blur_strength=&#8220;pagination_text_shadow_style,%91object Object%93&#8243; pagination_text_shadow_blur_strength_tablet=&#8220;1px&#8220; vertical_offset_tablet=&#8220;0&#8243; horizontal_offset_tablet=&#8220;0&#8243; z_index_tablet=&#8220;0&#8243;]<\/p>\n<p>[\/et_pb_gallery][et_pb_cta title=&#8220;Mediadaten herunterladen&#8220; button_url=&#8220;https:\/\/www.bizz-magazin.de\/download\/mediadaten\/Mediadaten_BIZZ.pdf&#8220; url_new_window=&#8220;on&#8220; _builder_version=&#8220;4.17.4&#8243; link_option_url=&#8220;https:\/\/www.bizz-magazin.de\/download\/mediadaten\/Mediadaten_BIZZ.pdf&#8220; link_option_url_new_window=&#8220;on&#8220; global_colors_info=&#8220;{}&#8220; background_pattern_color=&#8220;rgba(0,0,0,0.2)&#8220; background_mask_color=&#8220;#ffffff&#8220; text_shadow_horizontal_length=&#8220;text_shadow_style,%91object Object%93&#8243; text_shadow_horizontal_length_tablet=&#8220;0px&#8220; text_shadow_vertical_length=&#8220;text_shadow_style,%91object Object%93&#8243; text_shadow_vertical_length_tablet=&#8220;0px&#8220; text_shadow_blur_strength=&#8220;text_shadow_style,%91object Object%93&#8243; text_shadow_blur_strength_tablet=&#8220;1px&#8220; header_text_shadow_horizontal_length=&#8220;header_text_shadow_style,%91object Object%93&#8243; header_text_shadow_horizontal_length_tablet=&#8220;0px&#8220; header_text_shadow_vertical_length=&#8220;header_text_shadow_style,%91object Object%93&#8243; header_text_shadow_vertical_length_tablet=&#8220;0px&#8220; header_text_shadow_blur_strength=&#8220;header_text_shadow_style,%91object Object%93&#8243; header_text_shadow_blur_strength_tablet=&#8220;1px&#8220; body_text_shadow_horizontal_length=&#8220;body_text_shadow_style,%91object Object%93&#8243; body_text_shadow_horizontal_length_tablet=&#8220;0px&#8220; body_text_shadow_vertical_length=&#8220;body_text_shadow_style,%91object Object%93&#8243; body_text_shadow_vertical_length_tablet=&#8220;0px&#8220; body_text_shadow_blur_strength=&#8220;body_text_shadow_style,%91object Object%93&#8243; body_text_shadow_blur_strength_tablet=&#8220;1px&#8220; body_link_text_shadow_horizontal_length=&#8220;body_link_text_shadow_style,%91object Object%93&#8243; body_link_text_shadow_horizontal_length_tablet=&#8220;0px&#8220; body_link_text_shadow_vertical_length=&#8220;body_link_text_shadow_style,%91object Object%93&#8243; body_link_text_shadow_vertical_length_tablet=&#8220;0px&#8220; body_link_text_shadow_blur_strength=&#8220;body_link_text_shadow_style,%91object Object%93&#8243; body_link_text_shadow_blur_strength_tablet=&#8220;1px&#8220; body_ul_text_shadow_horizontal_length=&#8220;body_ul_text_shadow_style,%91object Object%93&#8243; body_ul_text_shadow_horizontal_length_tablet=&#8220;0px&#8220; body_ul_text_shadow_vertical_length=&#8220;body_ul_text_shadow_style,%91object Object%93&#8243; body_ul_text_shadow_vertical_length_tablet=&#8220;0px&#8220; body_ul_text_shadow_blur_strength=&#8220;body_ul_text_shadow_style,%91object Object%93&#8243; body_ul_text_shadow_blur_strength_tablet=&#8220;1px&#8220; body_ol_text_shadow_horizontal_length=&#8220;body_ol_text_shadow_style,%91object Object%93&#8243; body_ol_text_shadow_horizontal_length_tablet=&#8220;0px&#8220; body_ol_text_shadow_vertical_length=&#8220;body_ol_text_shadow_style,%91object Object%93&#8243; body_ol_text_shadow_vertical_length_tablet=&#8220;0px&#8220; body_ol_text_shadow_blur_strength=&#8220;body_ol_text_shadow_style,%91object Object%93&#8243; body_ol_text_shadow_blur_strength_tablet=&#8220;1px&#8220; body_quote_text_shadow_horizontal_length=&#8220;body_quote_text_shadow_style,%91object Object%93&#8243; body_quote_text_shadow_horizontal_length_tablet=&#8220;0px&#8220; body_quote_text_shadow_vertical_length=&#8220;body_quote_text_shadow_style,%91object Object%93&#8243; body_quote_text_shadow_vertical_length_tablet=&#8220;0px&#8220; body_quote_text_shadow_blur_strength=&#8220;body_quote_text_shadow_style,%91object Object%93&#8243; body_quote_text_shadow_blur_strength_tablet=&#8220;1px&#8220; button_text_shadow_horizontal_length=&#8220;button_text_shadow_style,%91object Object%93&#8243; button_text_shadow_horizontal_length_tablet=&#8220;0px&#8220; button_text_shadow_vertical_length=&#8220;button_text_shadow_style,%91object Object%93&#8243; button_text_shadow_vertical_length_tablet=&#8220;0px&#8220; button_text_shadow_blur_strength=&#8220;button_text_shadow_style,%91object Object%93&#8243; button_text_shadow_blur_strength_tablet=&#8220;1px&#8220; box_shadow_horizontal_button_tablet=&#8220;0px&#8220; box_shadow_vertical_button_tablet=&#8220;0px&#8220; box_shadow_blur_button_tablet=&#8220;40px&#8220; box_shadow_spread_button_tablet=&#8220;0px&#8220; box_shadow_horizontal_tablet=&#8220;0px&#8220; box_shadow_vertical_tablet=&#8220;0px&#8220; box_shadow_blur_tablet=&#8220;40px&#8220; box_shadow_spread_tablet=&#8220;0px&#8220; vertical_offset_tablet=&#8220;0&#8243; horizontal_offset_tablet=&#8220;0&#8243; z_index_tablet=&#8220;0&#8243; \/][\/et_pb_column][\/et_pb_row][\/et_pb_section]<\/p>\n","protected":false},"excerpt":{"rendered":"<p>\u00a0 Willkommen beim BiZZ! Magazin, dem kostenfreien Familien.Erlebnis.Magazin f\u00fcr S\u00fcd-Ost-Bayern &amp; Salzburger Land. &nbsp; Das modern gestaltete, inhaltlich abwechslungsreiche und lesenswerte Medium pr\u00e4sentiert Lieblingspl\u00e4tze zum Erholen und Entdecken, gibt umfangreiche Tipps f\u00fcr eine aktive, aufregende und altersgerechte Freizeitgestaltung und Veranstaltungshighlights f\u00fcr die ganze Familie. Erg\u00e4nzt wird der Inhalt von Beitr\u00e4gen zu digitalen Medienwelt, Apps, B\u00fcchern, [&hellip;]<\/p>\n","protected":false},"author":1,"featured_media":808,"parent":0,"menu_order":0,"comment_status":"closed","ping_status":"closed","template":"","meta":{"_et_pb_use_builder":"on","_et_pb_old_content":"","_et_gb_content_width":"","footnotes":""},"class_list":["post-647","page","type-page","status-publish","has-post-thumbnail","hentry"],"yoast_head":"<!-- This site is optimized with the Yoast SEO plugin v27.5 - https:\/\/yoast.com\/product\/yoast-seo-wordpress\/ -->\n<title>Mediadaten - BIZZ Magazin<\/title>\n<meta name=\"robots\" content=\"index, follow, max-snippet:-1, max-image-preview:large, max-video-preview:-1\" \/>\n<link rel=\"canonical\" href=\"https:\/\/www.bizz-magazin.de\/?page_id=647\" \/>\n<meta property=\"og:locale\" content=\"de_DE\" \/>\n<meta property=\"og:type\" content=\"article\" \/>\n<meta property=\"og:title\" content=\"Mediadaten - BIZZ Magazin\" \/>\n<meta property=\"og:description\" content=\"\u00a0 Willkommen beim BiZZ! Magazin, dem kostenfreien Familien.Erlebnis.Magazin f\u00fcr S\u00fcd-Ost-Bayern &amp; Salzburger Land. &nbsp; Das modern gestaltete, inhaltlich abwechslungsreiche und lesenswerte Medium pr\u00e4sentiert Lieblingspl\u00e4tze zum Erholen und Entdecken, gibt umfangreiche Tipps f\u00fcr eine aktive, aufregende und altersgerechte Freizeitgestaltung und Veranstaltungshighlights f\u00fcr die ganze Familie. Erg\u00e4nzt wird der Inhalt von Beitr\u00e4gen zu digitalen Medienwelt, Apps, B\u00fcchern, [&hellip;]\" \/>\n<meta property=\"og:url\" content=\"https:\/\/www.bizz-magazin.de\/?page_id=647\" \/>\n<meta property=\"og:site_name\" content=\"BIZZ Magazin\" \/>\n<meta property=\"article:publisher\" content=\"https:\/\/www.facebook.com\/bizzmagazin\" \/>\n<meta property=\"article:modified_time\" content=\"2022-06-01T10:38:43+00:00\" \/>\n<meta name=\"twitter:card\" content=\"summary_large_image\" \/>\n<meta name=\"twitter:label1\" content=\"Gesch\u00e4tzte Lesezeit\" \/>\n\t<meta name=\"twitter:data1\" content=\"5\u00a0Minuten\" \/>\n<script type=\"application\/ld+json\" class=\"yoast-schema-graph\">{\"@context\":\"https:\\\/\\\/schema.org\",\"@graph\":[{\"@type\":\"WebPage\",\"@id\":\"https:\\\/\\\/www.bizz-magazin.de\\\/?page_id=647\",\"url\":\"https:\\\/\\\/www.bizz-magazin.de\\\/?page_id=647\",\"name\":\"Mediadaten - BIZZ Magazin\",\"isPartOf\":{\"@id\":\"https:\\\/\\\/www.bizz-magazin.de\\\/#website\"},\"primaryImageOfPage\":{\"@id\":\"https:\\\/\\\/www.bizz-magazin.de\\\/?page_id=647#primaryimage\"},\"image\":{\"@id\":\"https:\\\/\\\/www.bizz-magazin.de\\\/?page_id=647#primaryimage\"},\"thumbnailUrl\":\"\",\"datePublished\":\"2020-02-11T11:26:24+00:00\",\"dateModified\":\"2022-06-01T10:38:43+00:00\",\"breadcrumb\":{\"@id\":\"https:\\\/\\\/www.bizz-magazin.de\\\/?page_id=647#breadcrumb\"},\"inLanguage\":\"de\",\"potentialAction\":[{\"@type\":\"ReadAction\",\"target\":[\"https:\\\/\\\/www.bizz-magazin.de\\\/?page_id=647\"]}]},{\"@type\":\"ImageObject\",\"inLanguage\":\"de\",\"@id\":\"https:\\\/\\\/www.bizz-magazin.de\\\/?page_id=647#primaryimage\",\"url\":\"\",\"contentUrl\":\"\"},{\"@type\":\"BreadcrumbList\",\"@id\":\"https:\\\/\\\/www.bizz-magazin.de\\\/?page_id=647#breadcrumb\",\"itemListElement\":[{\"@type\":\"ListItem\",\"position\":1,\"name\":\"Startseite\",\"item\":\"https:\\\/\\\/www.bizz-magazin.de\\\/\"},{\"@type\":\"ListItem\",\"position\":2,\"name\":\"Mediadaten\"}]},{\"@type\":\"WebSite\",\"@id\":\"https:\\\/\\\/www.bizz-magazin.de\\\/#website\",\"url\":\"https:\\\/\\\/www.bizz-magazin.de\\\/\",\"name\":\"BIZZ Magazin\",\"description\":\"Das Familien.Erlebnis.Magazin\",\"publisher\":{\"@id\":\"https:\\\/\\\/www.bizz-magazin.de\\\/#organization\"},\"potentialAction\":[{\"@type\":\"SearchAction\",\"target\":{\"@type\":\"EntryPoint\",\"urlTemplate\":\"https:\\\/\\\/www.bizz-magazin.de\\\/?s={search_term_string}\"},\"query-input\":{\"@type\":\"PropertyValueSpecification\",\"valueRequired\":true,\"valueName\":\"search_term_string\"}}],\"inLanguage\":\"de\"},{\"@type\":\"Organization\",\"@id\":\"https:\\\/\\\/www.bizz-magazin.de\\\/#organization\",\"name\":\"BIZZ Magazin\",\"url\":\"https:\\\/\\\/www.bizz-magazin.de\\\/\",\"logo\":{\"@type\":\"ImageObject\",\"inLanguage\":\"de\",\"@id\":\"https:\\\/\\\/www.bizz-magazin.de\\\/#\\\/schema\\\/logo\\\/image\\\/\",\"url\":\"https:\\\/\\\/www.bizz-magazin.de\\\/wp-content\\\/uploads\\\/2020\\\/01\\\/BIZZ-Logo-2020_rot_15K.png\",\"contentUrl\":\"https:\\\/\\\/www.bizz-magazin.de\\\/wp-content\\\/uploads\\\/2020\\\/01\\\/BIZZ-Logo-2020_rot_15K.png\",\"width\":1986,\"height\":609,\"caption\":\"BIZZ Magazin\"},\"image\":{\"@id\":\"https:\\\/\\\/www.bizz-magazin.de\\\/#\\\/schema\\\/logo\\\/image\\\/\"},\"sameAs\":[\"https:\\\/\\\/www.facebook.com\\\/bizzmagazin\",\"https:\\\/\\\/www.instagram.com\\\/bizzmagazin\\\/\"]}]}<\/script>\n<!-- \/ Yoast SEO plugin. -->","yoast_head_json":{"title":"Mediadaten - BIZZ Magazin","robots":{"index":"index","follow":"follow","max-snippet":"max-snippet:-1","max-image-preview":"max-image-preview:large","max-video-preview":"max-video-preview:-1"},"canonical":"https:\/\/www.bizz-magazin.de\/?page_id=647","og_locale":"de_DE","og_type":"article","og_title":"Mediadaten - BIZZ Magazin","og_description":"\u00a0 Willkommen beim BiZZ! Magazin, dem kostenfreien Familien.Erlebnis.Magazin f\u00fcr S\u00fcd-Ost-Bayern &amp; Salzburger Land. &nbsp; Das modern gestaltete, inhaltlich abwechslungsreiche und lesenswerte Medium pr\u00e4sentiert Lieblingspl\u00e4tze zum Erholen und Entdecken, gibt umfangreiche Tipps f\u00fcr eine aktive, aufregende und altersgerechte Freizeitgestaltung und Veranstaltungshighlights f\u00fcr die ganze Familie. Erg\u00e4nzt wird der Inhalt von Beitr\u00e4gen zu digitalen Medienwelt, Apps, B\u00fcchern, [&hellip;]","og_url":"https:\/\/www.bizz-magazin.de\/?page_id=647","og_site_name":"BIZZ Magazin","article_publisher":"https:\/\/www.facebook.com\/bizzmagazin","article_modified_time":"2022-06-01T10:38:43+00:00","twitter_card":"summary_large_image","twitter_misc":{"Gesch\u00e4tzte Lesezeit":"5\u00a0Minuten"},"schema":{"@context":"https:\/\/schema.org","@graph":[{"@type":"WebPage","@id":"https:\/\/www.bizz-magazin.de\/?page_id=647","url":"https:\/\/www.bizz-magazin.de\/?page_id=647","name":"Mediadaten - BIZZ Magazin","isPartOf":{"@id":"https:\/\/www.bizz-magazin.de\/#website"},"primaryImageOfPage":{"@id":"https:\/\/www.bizz-magazin.de\/?page_id=647#primaryimage"},"image":{"@id":"https:\/\/www.bizz-magazin.de\/?page_id=647#primaryimage"},"thumbnailUrl":"","datePublished":"2020-02-11T11:26:24+00:00","dateModified":"2022-06-01T10:38:43+00:00","breadcrumb":{"@id":"https:\/\/www.bizz-magazin.de\/?page_id=647#breadcrumb"},"inLanguage":"de","potentialAction":[{"@type":"ReadAction","target":["https:\/\/www.bizz-magazin.de\/?page_id=647"]}]},{"@type":"ImageObject","inLanguage":"de","@id":"https:\/\/www.bizz-magazin.de\/?page_id=647#primaryimage","url":"","contentUrl":""},{"@type":"BreadcrumbList","@id":"https:\/\/www.bizz-magazin.de\/?page_id=647#breadcrumb","itemListElement":[{"@type":"ListItem","position":1,"name":"Startseite","item":"https:\/\/www.bizz-magazin.de\/"},{"@type":"ListItem","position":2,"name":"Mediadaten"}]},{"@type":"WebSite","@id":"https:\/\/www.bizz-magazin.de\/#website","url":"https:\/\/www.bizz-magazin.de\/","name":"BIZZ Magazin","description":"Das Familien.Erlebnis.Magazin","publisher":{"@id":"https:\/\/www.bizz-magazin.de\/#organization"},"potentialAction":[{"@type":"SearchAction","target":{"@type":"EntryPoint","urlTemplate":"https:\/\/www.bizz-magazin.de\/?s={search_term_string}"},"query-input":{"@type":"PropertyValueSpecification","valueRequired":true,"valueName":"search_term_string"}}],"inLanguage":"de"},{"@type":"Organization","@id":"https:\/\/www.bizz-magazin.de\/#organization","name":"BIZZ Magazin","url":"https:\/\/www.bizz-magazin.de\/","logo":{"@type":"ImageObject","inLanguage":"de","@id":"https:\/\/www.bizz-magazin.de\/#\/schema\/logo\/image\/","url":"https:\/\/www.bizz-magazin.de\/wp-content\/uploads\/2020\/01\/BIZZ-Logo-2020_rot_15K.png","contentUrl":"https:\/\/www.bizz-magazin.de\/wp-content\/uploads\/2020\/01\/BIZZ-Logo-2020_rot_15K.png","width":1986,"height":609,"caption":"BIZZ Magazin"},"image":{"@id":"https:\/\/www.bizz-magazin.de\/#\/schema\/logo\/image\/"},"sameAs":["https:\/\/www.facebook.com\/bizzmagazin","https:\/\/www.instagram.com\/bizzmagazin\/"]}]}},"_links":{"self":[{"href":"https:\/\/www.bizz-magazin.de\/index.php?rest_route=\/wp\/v2\/pages\/647","targetHints":{"allow":["GET"]}}],"collection":[{"href":"https:\/\/www.bizz-magazin.de\/index.php?rest_route=\/wp\/v2\/pages"}],"about":[{"href":"https:\/\/www.bizz-magazin.de\/index.php?rest_route=\/wp\/v2\/types\/page"}],"author":[{"embeddable":true,"href":"https:\/\/www.bizz-magazin.de\/index.php?rest_route=\/wp\/v2\/users\/1"}],"replies":[{"embeddable":true,"href":"https:\/\/www.bizz-magazin.de\/index.php?rest_route=%2Fwp%2Fv2%2Fcomments&post=647"}],"version-history":[{"count":48,"href":"https:\/\/www.bizz-magazin.de\/index.php?rest_route=\/wp\/v2\/pages\/647\/revisions"}],"predecessor-version":[{"id":2636,"href":"https:\/\/www.bizz-magazin.de\/index.php?rest_route=\/wp\/v2\/pages\/647\/revisions\/2636"}],"wp:featuredmedia":[{"embeddable":true,"href":"https:\/\/www.bizz-magazin.de\/index.php?rest_route=\/"}],"wp:attachment":[{"href":"https:\/\/www.bizz-magazin.de\/index.php?rest_route=%2Fwp%2Fv2%2Fmedia&parent=647"}],"curies":[{"name":"wp","href":"https:\/\/api.w.org\/{rel}","templated":true}]}}